{"id":13536,"date":"2021-06-02T15:06:36","date_gmt":"2021-06-02T19:06:36","guid":{"rendered":"https:\/\/cellsforlife.com\/?page_id=13536"},"modified":"2025-09-04T13:14:38","modified_gmt":"2025-09-04T17:14:38","slug":"returning-customers","status":"publish","type":"page","link":"https:\/\/cellsforlife.com\/fr\/returning-customers\/","title":{"rendered":"Clients Actuels"},"content":{"rendered":"<p>[et_pb_section fb_built=\u00a0\u00bb1&Prime; admin_label=\u00a0\u00bbHero\u00a0\u00bb _builder_version=\u00a0\u00bb4.9.10&Prime; background_color=\u00a0\u00bb#f5f9fb\u00a0\u00bb background_color_gradient_direction=\u00a0\u00bb271deg\u00a0\u00bb custom_margin=\u00a0\u00bb0px||0px||false|false\u00a0\u00bb custom_padding=\u00a0\u00bb0px||0px||false|false\u00a0\u00bb collapsed=\u00a0\u00bboff\u00a0\u00bb][et_pb_row column_structure=\u00a0\u00bb3_4,1_4&Prime; _builder_version=\u00a0\u00bb4.9.10&Prime; background_size=\u00a0\u00bbinitial\u00a0\u00bb background_position=\u00a0\u00bbtop_left\u00a0\u00bb background_repeat=\u00a0\u00bbrepeat\u00a0\u00bb custom_margin=\u00a0\u00bb|||\u00a0\u00bb custom_padding=\u00a0\u00bb20px||20px||false|false\u00a0\u00bb use_custom_width=\u00a0\u00bbon\u00a0\u00bb width_unit=\u00a0\u00bboff\u00a0\u00bb custom_width_percent=\u00a0\u00bb100%\u00a0\u00bb][et_pb_column type=\u00a0\u00bb3_4&Prime; _builder_version=\u00a0\u00bb4.9.10&Prime; custom_padding=\u00a0\u00bb30px||30px||false|false\u00a0\u00bb custom_padding_tablet=\u00a0\u00bb20px|10%|0px|10%\u00a0\u00bb custom_padding_phone=\u00a0\u00bb\u00a0\u00bb custom_padding_last_edited=\u00a0\u00bbon|phone\u00a0\u00bb custom_padding__hover=\u00a0\u00bb|||\u00a0\u00bb][et_pb_text _builder_version=\u00a0\u00bb4.9.10&Prime; text_font=\u00a0\u00bb||||||||\u00a0\u00bb header_font=\u00a0\u00bbLibre Franklin|600|||||||\u00a0\u00bb header_text_color=\u00a0\u00bb#0093d0&Prime; header_font_size=\u00a0\u00bb35px\u00a0\u00bb header_line_height=\u00a0\u00bb1.3em\u00a0\u00bb custom_margin=\u00a0\u00bb||||false|false\u00a0\u00bb custom_padding=\u00a0\u00bb||0px|20px|false|false\u00a0\u00bb animation_style=\u00a0\u00bbfade\u00a0\u00bb animation_direction=\u00a0\u00bbtop\u00a0\u00bb]<\/p>\n<h1>Clients Actuels<\/h1>\n<p>[\/et_pb_text][\/et_pb_column][et_pb_column type=\u00a0\u00bb1_4&Prime; _builder_version=\u00a0\u00bb4.9.10&Prime; custom_padding=\u00a0\u00bb30px||30px||false|false\u00a0\u00bb custom_padding_tablet=\u00a0\u00bb20px|10%|0px|10%\u00a0\u00bb custom_padding_phone=\u00a0\u00bb\u00a0\u00bb custom_padding_last_edited=\u00a0\u00bbon|phone\u00a0\u00bb custom_padding__hover=\u00a0\u00bb|||\u00a0\u00bb][\/et_pb_column][\/et_pb_row][\/et_pb_section][et_pb_section fb_built=\u00a0\u00bb1&Prime; _builder_version=\u00a0\u00bb4.9.2&Prime; _module_preset=\u00a0\u00bbdefault\u00a0\u00bb custom_padding=\u00a0\u00bb0px||||false|false\u00a0\u00bb][et_pb_row _builder_version=\u00a0\u00bb4.9.2&Prime; _module_preset=\u00a0\u00bbdefault\u00a0\u00bb][et_pb_column type=\u00a0\u00bb4_4&Prime; _builder_version=\u00a0\u00bb4.9.2&Prime; _module_preset=\u00a0\u00bbdefault\u00a0\u00bb][et_pb_text _builder_version=\u00a0\u00bb4.9.2&Prime; _module_preset=\u00a0\u00bbdefault\u00a0\u00bb header_2_font=\u00a0\u00bbLibre Franklin|600|||||||\u00a0\u00bb header_2_text_color=\u00a0\u00bb#ec881d\u00a0\u00bb header_2_line_height=\u00a0\u00bb1.3em\u00a0\u00bb]<\/p>\n<h2>Bienvenue \u00e0 nos clients et parents fid\u00e8les<br \/>\n<\/h2>\n<p>[\/et_pb_text][\/et_pb_column][\/et_pb_row][et_pb_row column_structure=\u00a0\u00bb1_2,1_2&Prime; _builder_version=\u00a0\u00bb4.9.2&Prime; _module_preset=\u00a0\u00bbdefault\u00a0\u00bb custom_padding=\u00a0\u00bb20px||0px||false|false\u00a0\u00bb][et_pb_column type=\u00a0\u00bb1_2&Prime; _builder_version=\u00a0\u00bb4.9.2&Prime; _module_preset=\u00a0\u00bbdefault\u00a0\u00bb][et_pb_image src=\u00a0\u00bbhttps:\/\/cellsforlife.com\/wp-content\/uploads\/2015\/06\/referral.png\u00a0\u00bb title_text=\u00a0\u00bbreferral\u00a0\u00bb url=\u00a0\u00bbhttps:\/\/cellsforlife.com\/fr\/returning-customers\/refer-a-friend\/\u00a0\u00bb align=\u00a0\u00bbcenter\u00a0\u00bb _builder_version=\u00a0\u00bb4.9.2&Prime; _module_preset=\u00a0\u00bbdefault\u00a0\u00bb width=\u00a0\u00bb40%\u00a0\u00bb][\/et_pb_image][et_pb_text _builder_version=\u00a0\u00bb4.9.2&Prime; _module_preset=\u00a0\u00bbdefault\u00a0\u00bb header_2_font=\u00a0\u00bbLibre Franklin|600|||||||\u00a0\u00bb header_2_text_align=\u00a0\u00bbcenter\u00a0\u00bb header_2_text_color=\u00a0\u00bb#0093d0&Prime; header_2_line_height=\u00a0\u00bb1.3em\u00a0\u00bb link_option_url=\u00a0\u00bbhttps:\/\/cellsforlife.com\/fr\/returning-customers\/refer-a-friend\/\u00a0\u00bb]<\/p>\n<h2>Programme d&rsquo;\u00e9pargne de r\u00e9f\u00e9rence<br \/>\n<\/h2>\n<p>[\/et_pb_text][\/et_pb_column][et_pb_column type=\u00a0\u00bb1_2&Prime; _builder_version=\u00a0\u00bb4.9.2&Prime; _module_preset=\u00a0\u00bbdefault\u00a0\u00bb][et_pb_image src=\u00a0\u00bbhttps:\/\/cellsforlife.com\/wp-content\/uploads\/2015\/06\/info-update-form.png\u00a0\u00bb title_text=\u00a0\u00bbinfo-update-form\u00a0\u00bb url=\u00a0\u00bbhttps:\/\/cellsforlife.com\/fr\/returning-customers\/information-update-form\/\u00a0\u00bb align=\u00a0\u00bbcenter\u00a0\u00bb _builder_version=\u00a0\u00bb4.9.2&Prime; _module_preset=\u00a0\u00bbdefault\u00a0\u00bb width=\u00a0\u00bb40%\u00a0\u00bb][\/et_pb_image][et_pb_text _builder_version=\u00a0\u00bb4.9.2&Prime; _module_preset=\u00a0\u00bbdefault\u00a0\u00bb header_2_font=\u00a0\u00bbLibre Franklin|600|||||||\u00a0\u00bb header_2_text_align=\u00a0\u00bbcenter\u00a0\u00bb header_2_text_color=\u00a0\u00bb#0093d0&Prime; header_2_line_height=\u00a0\u00bb1.3em\u00a0\u00bb link_option_url=\u00a0\u00bbhttps:\/\/cellsforlife.com\/fr\/returning-customers\/information-update-form\/\u00a0\u00bb]<\/p>\n<h2>Formulaire de mise \u00e0 jour d&rsquo;information<br \/>\n<\/h2>\n<p>[\/et_pb_text][\/et_pb_column][\/et_pb_row][et_pb_row column_structure=\u00a0\u00bb1_2,1_2&Prime; _builder_version=\u00a0\u00bb4.9.2&Prime; _module_preset=\u00a0\u00bbdefault\u00a0\u00bb custom_padding=\u00a0\u00bb20px||0px||false|false\u00a0\u00bb][et_pb_column type=\u00a0\u00bb1_2&Prime; _builder_version=\u00a0\u00bb4.9.2&Prime; _module_preset=\u00a0\u00bbdefault\u00a0\u00bb][et_pb_image src=\u00a0\u00bbhttps:\/\/cellsforlife.com\/wp-content\/uploads\/2015\/06\/paymeny.png\u00a0\u00bb title_text=\u00a0\u00bbpaymeny\u00a0\u00bb url=\u00a0\u00bbhttps:\/\/cellsforlife.com\/fr\/returning-customers\/paiement-de-facture\/\u00a0\u00bb align=\u00a0\u00bbcenter\u00a0\u00bb _builder_version=\u00a0\u00bb4.9.2&Prime; _module_preset=\u00a0\u00bbdefault\u00a0\u00bb width=\u00a0\u00bb40%\u00a0\u00bb][\/et_pb_image][et_pb_text _builder_version=\u00a0\u00bb4.9.2&Prime; _module_preset=\u00a0\u00bbdefault\u00a0\u00bb header_2_font=\u00a0\u00bbLibre Franklin|600|||||||\u00a0\u00bb header_2_text_align=\u00a0\u00bbcenter\u00a0\u00bb header_2_text_color=\u00a0\u00bb#0093d0&Prime; header_2_line_height=\u00a0\u00bb1.3em\u00a0\u00bb link_option_url=\u00a0\u00bbhttps:\/\/cellsforlife.com\/fr\/returning-customers\/paiement-de-facture\/\u00a0\u00bb]<\/p>\n<h2>Paiement de facture<br \/>\n<\/h2>\n<p>[\/et_pb_text][\/et_pb_column][et_pb_column type=\u00a0\u00bb1_2&Prime; _builder_version=\u00a0\u00bb4.9.2&Prime; _module_preset=\u00a0\u00bbdefault\u00a0\u00bb][\/et_pb_column][\/et_pb_row][\/et_pb_section][et_pb_section fb_built=\u00a0\u00bb1&Prime; module_id=\u00a0\u00bbgetinfopack\u00a0\u00bb _builder_version=\u00a0\u00bb4.9.10&Prime; _module_preset=\u00a0\u00bbdefault\u00a0\u00bb background_color=\u00a0\u00bb#666666&Prime; custom_margin=\u00a0\u00bb0px||||false|false\u00a0\u00bb custom_padding=\u00a0\u00bb10px||10px||false|false\u00a0\u00bb saved_tabs=\u00a0\u00bball\u00a0\u00bb collapsed=\u00a0\u00bboff\u00a0\u00bb][et_pb_row column_structure=\u00a0\u00bb1_4,1_2,1_4&Prime; _builder_version=\u00a0\u00bb4.9.10&Prime; _module_preset=\u00a0\u00bbdefault\u00a0\u00bb animation_style=\u00a0\u00bbfade\u00a0\u00bb collapsed=\u00a0\u00bboff\u00a0\u00bb][et_pb_column type=\u00a0\u00bb1_4&Prime; _builder_version=\u00a0\u00bb4.9.10&Prime; _module_preset=\u00a0\u00bbdefault\u00a0\u00bb][et_pb_code disabled_on=\u00a0\u00bbon|on|on\u00a0\u00bb _builder_version=\u00a0\u00bb4.9.10&Prime; _module_preset=\u00a0\u00bbdefault\u00a0\u00bb disabled=\u00a0\u00bbon\u00a0\u00bb]<script src=\"\/\/app-ab42.marketo.com\/js\/forms2\/js\/forms2.min.js\"><\/script><!-- [et_pb_line_break_holder] -->\t\t\t\t\t<\/p>\n<form id=\"mktoForm_1033\"><\/form>\n<p><!-- [et_pb_line_break_holder] -->\t\t\t\t\t<script>MktoForms2.loadForm(\"\/\/app-ab42.marketo.com\", \"026-RUI-303\", 1033);<\/script>\t<!-- [et_pb_line_break_holder] --><!-- [et_pb_line_break_holder] -->\t\t\t\t\t<script type=\"text\/javascript\"> <!-- [et_pb_line_break_holder] -->\t\t\t\t\tMktoForms2.whenReady(function (form) { <!-- [et_pb_line_break_holder] -->\t\t\t\t\tjQuery( \"button[type='submit']\" ).addClass( \"g-recaptcha\" ).attr( \"data-sitekey\", \"6LcsPE4UAAAAAOlh2d43ziWc6i3xlXmaR_IOuINH\" ).attr(\"data-callback\",\"letsGo\"); <!-- [et_pb_line_break_holder] -->\t\t\t\t\t  jQuery.getScript( \"https:\/\/www.google.com\/recaptcha\/api.js\"); <!-- [et_pb_line_break_holder] -->\t\t\t\t\t  letsGo = function() { <!-- [et_pb_line_break_holder] -->\t\t\t\t\t    MktoForms2.whenReady(function (form) { <!-- [et_pb_line_break_holder] -->\t\t\t\t\t      form.addHiddenFields({ <!-- [et_pb_line_break_holder] -->\t\t\t\t\t         \"spamCheck\" : \"\"   <!-- [et_pb_line_break_holder] -->\t\t\t\t\t      }); <!-- [et_pb_line_break_holder] -->\t\t\t\t\t      var v = grecaptcha.getResponse(); <!-- [et_pb_line_break_holder] -->\t\t\t\t\t      form.vals({\"spamCheck\" : v}); <!-- [et_pb_line_break_holder] -->\t\t\t\t\t      form.submit(); <!-- [et_pb_line_break_holder] -->\t\t\t\t\t    }); <!-- [et_pb_line_break_holder] -->\t\t\t\t\t    }; <!-- [et_pb_line_break_holder] -->\t\t\t\t\t}); <!-- [et_pb_line_break_holder] -->\t\t\t\t\t<\/script>[\/et_pb_code][\/et_pb_column][et_pb_column type=\u00a0\u00bb1_2&Prime; _builder_version=\u00a0\u00bb4.9.2&Prime; _module_preset=\u00a0\u00bbdefault\u00a0\u00bb][et_pb_text _builder_version=\u00a0\u00bb4.9.10&Prime; _module_preset=\u00a0\u00bbdefault\u00a0\u00bb text_text_color=\u00a0\u00bb#ffffff\u00a0\u00bb text_font_size=\u00a0\u00bb16px\u00a0\u00bb header_2_font=\u00a0\u00bbLibre Franklin|600|||||||\u00a0\u00bb header_2_text_color=\u00a0\u00bb#ffffff\u00a0\u00bb header_2_font_size=\u00a0\u00bb30px\u00a0\u00bb text_orientation=\u00a0\u00bbcenter\u00a0\u00bb animation_style=\u00a0\u00bbfade\u00a0\u00bb]<\/p>\n<h2>Obtenir Plus D\u2019informations<\/h2>\n<p>Faites le premier pas pour en savoir plus sur les banques de sang et de tissu de cordon d\u00e8s aujourd\u2019hui<\/p>\n<p>[\/et_pb_text][et_pb_text disabled_on=\u00a0\u00bboff|off|off\u00a0\u00bb _builder_version=\u00a0\u00bb4.9.10&Prime; _module_preset=\u00a0\u00bbdefault\u00a0\u00bb text_text_color=\u00a0\u00bb#000000&Prime; text_orientation=\u00a0\u00bbcenter\u00a0\u00bb]<\/p>\n<p><script src=\"\/\/app-ab42.marketo.com\/js\/forms2\/js\/forms2.min.js\"><\/script><\/p>\n<form id=\"mktoForm_1033\"><\/form>\n<p><script>MktoForms2.loadForm(\"\/\/app-ab42.marketo.com\", \"026-RUI-303\", 1033);<\/script><\/p>\n<p>[\/et_pb_text][\/et_pb_column][et_pb_column type=\u00a0\u00bb1_4&Prime; _builder_version=\u00a0\u00bb4.9.2&Prime; _module_preset=\u00a0\u00bbdefault\u00a0\u00bb][\/et_pb_column][\/et_pb_row][\/et_pb_section][et_pb_section fb_built=\u00a0\u00bb1&Prime; _builder_version=\u00a0\u00bb4.9.10&Prime; _module_preset=\u00a0\u00bbdefault\u00a0\u00bb background_color=\u00a0\u00bbrgba(0,0,0,0.68)\u00a0\u00bb custom_margin=\u00a0\u00bb0px||0px||false|false\u00a0\u00bb custom_padding=\u00a0\u00bb0px||0px||false|false\u00a0\u00bb][et_pb_row column_structure=\u00a0\u00bb1_3,1_3,1_3&Prime; _builder_version=\u00a0\u00bb4.9.10&Prime; _module_preset=\u00a0\u00bbdefault\u00a0\u00bb custom_margin=\u00a0\u00bb||||false|false\u00a0\u00bb custom_padding=\u00a0\u00bb70px|0px|70px|70px|false|false\u00a0\u00bb][et_pb_column type=\u00a0\u00bb1_3&Prime; _builder_version=\u00a0\u00bb4.9.10&Prime; _module_preset=\u00a0\u00bbdefault\u00a0\u00bb][et_pb_text _builder_version=\u00a0\u00bb4.9.10&Prime; _module_preset=\u00a0\u00bbdefault\u00a0\u00bb text_font_size=\u00a0\u00bb18px\u00a0\u00bb text_line_height=\u00a0\u00bb1.9em\u00a0\u00bb header_3_font=\u00a0\u00bbLibre Franklin|500|||||||\u00a0\u00bb header_3_text_color=\u00a0\u00bb#ffffff\u00a0\u00bb header_3_font_size=\u00a0\u00bb24px\u00a0\u00bb header_3_line_height=\u00a0\u00bb1.7em\u00a0\u00bb background_layout=\u00a0\u00bbdark\u00a0\u00bb custom_margin=\u00a0\u00bb0px||||false|false\u00a0\u00bb custom_padding=\u00a0\u00bb0px||||false|false\u00a0\u00bb hover_enabled=\u00a0\u00bb0&Prime; sticky_enabled=\u00a0\u00bb0&Prime;]<\/p>\n<h3 style=\"color: #ffff; text-decoration: none;\">Cells For Life<\/h3>\n<p><a style=\"color: #ffff; text-decoration: none;\" href=\"https:\/\/cellsforlife.com\/fr\/cellsforlife-advantage\/what-sets-us-apart\/\">L\u2019avantage Cells for Life<\/a><br \/><a style=\"color: #ffff; text-decoration: none;\" href=\"https:\/\/cellsforlife.com\/fr\/cord-blood-basics\/what-is-cord-blood-banking\/\">Sang de Cordon<\/a><br \/><a style=\"color: #ffff; text-decoration: none;\" href=\"https:\/\/cellsforlife.com\/fr\/cord-tissue\/what-is-cord-tissue\/\">Tissu de Cordon<\/a><br \/><a style=\"color: #ffff; text-decoration: none;\" href=\"https:\/\/enrolcb.com\/cfl\/fr-ca\">Tarification<\/a><br \/><a style=\"color: #ffff; text-decoration: none;\" href=\"https:\/\/cellsforlife.com\/fr\/questions-frequentes\">Questions Fr\u00e9quemment Pos\u00e9es<\/a><\/p>\n<p>[\/et_pb_text][\/et_pb_column][et_pb_column type=\u00a0\u00bb1_3&Prime; _builder_version=\u00a0\u00bb4.9.10&Prime; _module_preset=\u00a0\u00bbdefault\u00a0\u00bb][et_pb_text _builder_version=\u00a0\u00bb4.9.10&Prime; _module_preset=\u00a0\u00bbdefault\u00a0\u00bb text_font_size=\u00a0\u00bb18px\u00a0\u00bb text_line_height=\u00a0\u00bb1.9em\u00a0\u00bb header_3_font=\u00a0\u00bbLibre Franklin|500|||||||\u00a0\u00bb header_3_text_color=\u00a0\u00bb#ffffff\u00a0\u00bb header_3_font_size=\u00a0\u00bb24px\u00a0\u00bb header_3_line_height=\u00a0\u00bb1.7em\u00a0\u00bb background_layout=\u00a0\u00bbdark\u00a0\u00bb custom_margin=\u00a0\u00bb0px||||false|false\u00a0\u00bb custom_padding=\u00a0\u00bb0px||||false|false\u00a0\u00bb hover_enabled=\u00a0\u00bb0&Prime; sticky_enabled=\u00a0\u00bb0&Prime;]<\/p>\n<h3 style=\"color:#ffff; text-decoration:none;\">Apprenez D\u2019avantage<\/h3>\n<p><a href=\"https:\/\/markhamprenatal.com\/\" style=\"color:#ffff; text-decoration:none;\">Cours Pr\u00e9nataux Gratuits<\/a><br \/>\n<a href=\"https:\/\/cellsforlife.com\/fr\/healthcare-professionals\/\" style=\"color:#ffff; text-decoration:none;\">Professionnels de la Sant\u00e9<\/a><br \/>\n<a href=\"https:\/\/cellsforlife.com\/fr\/returning-customers\/\" style=\"color:#ffff; text-decoration:none;\">Clients Fid\u00e8les<\/a><br \/>\n<a href=\"https:\/\/cellsforlife.com\/fr\/politique-de-confidentialite\" style=\"color:#ffff; text-decoration:none;\">Politique de Confidentialit\u00e9<\/a>[\/et_pb_text][\/et_pb_column][et_pb_column type=\u00a0\u00bb1_3&Prime; _builder_version=\u00a0\u00bb4.9.10&Prime; _module_preset=\u00a0\u00bbdefault\u00a0\u00bb][et_pb_text _builder_version=\u00a0\u00bb4.9.10&Prime; _module_preset=\u00a0\u00bbdefault\u00a0\u00bb text_font_size=\u00a0\u00bb18px\u00a0\u00bb text_line_height=\u00a0\u00bb1.9em\u00a0\u00bb header_3_font=\u00a0\u00bbLibre Franklin|500|||||||\u00a0\u00bb header_3_text_color=\u00a0\u00bb#ffffff\u00a0\u00bb header_3_font_size=\u00a0\u00bb24px\u00a0\u00bb header_3_line_height=\u00a0\u00bb1.7em\u00a0\u00bb background_layout=\u00a0\u00bbdark\u00a0\u00bb custom_margin=\u00a0\u00bb0px||||false|false\u00a0\u00bb custom_padding=\u00a0\u00bb0px||||false|false\u00a0\u00bb hover_enabled=\u00a0\u00bb0&Prime; sticky_enabled=\u00a0\u00bb0&Prime;]<\/p>\n<h3 style=\"color:#ffff; text-decoration:none;\">Nous Contacter<\/h3>\n<p>Lundi- Vendredi 9-5: 9 hre \u00e0 17 hre<br \/>\nFax: 905.472.2185<br \/>\nSans Frais: 1.877.235.1997<br \/>\ninfo.cfl@cllsforlife.com[\/et_pb_text][\/et_pb_column][\/et_pb_row][\/et_pb_section]<\/p>\n","protected":false},"excerpt":{"rendered":"<p>Clients Actuels Bienvenue \u00e0 nos clients et parents fid\u00e8les Programme d&#8217;\u00e9pargne de r\u00e9f\u00e9rence Formulaire de mise \u00e0 jour d&#8217;information Paiement de facture Obtenir Plus D\u2019informations Faites le premier pas pour en savoir plus sur les banques de sang et de tissu de cordon d\u00e8s aujourd\u2019hui Cells For Life L\u2019avantage Cells for LifeSang de CordonTissu de [&hellip;]<\/p>\n","protected":false},"author":22,"featured_media":0,"parent":0,"menu_order":0,"comment_status":"closed","ping_status":"closed","template":"","meta":{"_et_pb_use_builder":"on","_et_pb_old_content":"","_et_gb_content_width":""},"yoast_head":"<!-- This site is optimized with the Yoast SEO plugin v17.1 - https:\/\/yoast.com\/wordpress\/plugins\/seo\/ -->\n<title>Clients Actuels - Cells For Life<\/title>\n<meta name=\"robots\" content=\"index, follow, max-snippet:-1, max-image-preview:large, max-video-preview:-1\" \/>\n<link rel=\"canonical\" href=\"https:\/\/cellsforlife.com\/fr\/returning-customers\/\" \/>\n<meta property=\"og:locale\" content=\"fr_FR\" \/>\n<meta property=\"og:type\" content=\"article\" \/>\n<meta property=\"og:title\" content=\"Clients Actuels - Cells For Life\" \/>\n<meta property=\"og:description\" content=\"Clients Actuels Bienvenue \u00e0 nos clients et parents fid\u00e8les Programme d&#8217;\u00e9pargne de r\u00e9f\u00e9rence Formulaire de mise \u00e0 jour d&#8217;information Paiement de facture Obtenir Plus D\u2019informations Faites le premier pas pour en savoir plus sur les banques de sang et de tissu de cordon d\u00e8s aujourd\u2019hui Cells For Life L\u2019avantage Cells for LifeSang de CordonTissu de [&hellip;]\" \/>\n<meta property=\"og:url\" content=\"https:\/\/cellsforlife.com\/fr\/returning-customers\/\" \/>\n<meta property=\"og:site_name\" content=\"Cells For Life\" \/>\n<meta property=\"article:publisher\" content=\"https:\/\/www.facebook.com\/CellsforLife\" \/>\n<meta property=\"article:modified_time\" content=\"2025-09-04T17:14:38+00:00\" \/>\n<meta property=\"og:image\" content=\"https:\/\/cellsforlife.com\/wp-content\/uploads\/2023\/08\/Google-Business-Assets-CFL-Cover.jpg\" \/>\n\t<meta property=\"og:image:width\" content=\"710\" \/>\n\t<meta property=\"og:image:height\" content=\"710\" \/>\n<meta name=\"twitter:card\" content=\"summary\" \/>\n<meta name=\"twitter:site\" content=\"@CellsForLife\" \/>\n<meta name=\"twitter:label1\" content=\"Dur\u00e9e de lecture est.\" \/>\n\t<meta name=\"twitter:data1\" content=\"5 minutes\" \/>\n<script type=\"application\/ld+json\" class=\"yoast-schema-graph\">{\"@context\":\"https:\/\/schema.org\",\"@graph\":[{\"@type\":\"WebSite\",\"@id\":\"https:\/\/cellsforlife.com\/#website\",\"url\":\"https:\/\/cellsforlife.com\/\",\"name\":\"Cells For Life\",\"description\":\"Cord Blood Bank\",\"potentialAction\":[{\"@type\":\"SearchAction\",\"target\":{\"@type\":\"EntryPoint\",\"urlTemplate\":\"https:\/\/cellsforlife.com\/?s={search_term_string}\"},\"query-input\":\"required name=search_term_string\"}],\"inLanguage\":\"fr-FR\"},{\"@type\":\"WebPage\",\"@id\":\"https:\/\/cellsforlife.com\/fr\/returning-customers\/#webpage\",\"url\":\"https:\/\/cellsforlife.com\/fr\/returning-customers\/\",\"name\":\"Clients Actuels - Cells For Life\",\"isPartOf\":{\"@id\":\"https:\/\/cellsforlife.com\/#website\"},\"datePublished\":\"2021-06-02T19:06:36+00:00\",\"dateModified\":\"2025-09-04T17:14:38+00:00\",\"breadcrumb\":{\"@id\":\"https:\/\/cellsforlife.com\/fr\/returning-customers\/#breadcrumb\"},\"inLanguage\":\"fr-FR\",\"potentialAction\":[{\"@type\":\"ReadAction\",\"target\":[\"https:\/\/cellsforlife.com\/fr\/returning-customers\/\"]}]},{\"@type\":\"BreadcrumbList\",\"@id\":\"https:\/\/cellsforlife.com\/fr\/returning-customers\/#breadcrumb\",\"itemListElement\":[{\"@type\":\"ListItem\",\"position\":1,\"name\":\"Home\",\"item\":\"https:\/\/cellsforlife.com\/fr\/\"},{\"@type\":\"ListItem\",\"position\":2,\"name\":\"Clients Actuels\"}]}]}<\/script>\n<!-- \/ Yoast SEO plugin. -->","yoast_head_json":{"title":"Clients Actuels - Cells For Life","robots":{"index":"index","follow":"follow","max-snippet":"max-snippet:-1","max-image-preview":"max-image-preview:large","max-video-preview":"max-video-preview:-1"},"canonical":"https:\/\/cellsforlife.com\/fr\/returning-customers\/","og_locale":"fr_FR","og_type":"article","og_title":"Clients Actuels - Cells For Life","og_description":"Clients Actuels Bienvenue \u00e0 nos clients et parents fid\u00e8les Programme d&#8217;\u00e9pargne de r\u00e9f\u00e9rence Formulaire de mise \u00e0 jour d&#8217;information Paiement de facture Obtenir Plus D\u2019informations Faites le premier pas pour en savoir plus sur les banques de sang et de tissu de cordon d\u00e8s aujourd\u2019hui Cells For Life L\u2019avantage Cells for LifeSang de CordonTissu de [&hellip;]","og_url":"https:\/\/cellsforlife.com\/fr\/returning-customers\/","og_site_name":"Cells For Life","article_publisher":"https:\/\/www.facebook.com\/CellsforLife","article_modified_time":"2025-09-04T17:14:38+00:00","og_image":[{"width":710,"height":710,"url":"https:\/\/cellsforlife.com\/wp-content\/uploads\/2023\/08\/Google-Business-Assets-CFL-Cover.jpg","path":"\/nas\/content\/live\/cells4life\/wp-content\/uploads\/2023\/08\/Google-Business-Assets-CFL-Cover.jpg","size":"full","id":16288,"alt":"","pixels":504100,"type":"image\/jpeg"}],"twitter_card":"summary","twitter_site":"@CellsForLife","twitter_misc":{"Dur\u00e9e de lecture est.":"5 minutes"},"schema":{"@context":"https:\/\/schema.org","@graph":[{"@type":"WebSite","@id":"https:\/\/cellsforlife.com\/#website","url":"https:\/\/cellsforlife.com\/","name":"Cells For Life","description":"Cord Blood Bank","potentialAction":[{"@type":"SearchAction","target":{"@type":"EntryPoint","urlTemplate":"https:\/\/cellsforlife.com\/?s={search_term_string}"},"query-input":"required name=search_term_string"}],"inLanguage":"fr-FR"},{"@type":"WebPage","@id":"https:\/\/cellsforlife.com\/fr\/returning-customers\/#webpage","url":"https:\/\/cellsforlife.com\/fr\/returning-customers\/","name":"Clients Actuels - Cells For Life","isPartOf":{"@id":"https:\/\/cellsforlife.com\/#website"},"datePublished":"2021-06-02T19:06:36+00:00","dateModified":"2025-09-04T17:14:38+00:00","breadcrumb":{"@id":"https:\/\/cellsforlife.com\/fr\/returning-customers\/#breadcrumb"},"inLanguage":"fr-FR","potentialAction":[{"@type":"ReadAction","target":["https:\/\/cellsforlife.com\/fr\/returning-customers\/"]}]},{"@type":"BreadcrumbList","@id":"https:\/\/cellsforlife.com\/fr\/returning-customers\/#breadcrumb","itemListElement":[{"@type":"ListItem","position":1,"name":"Home","item":"https:\/\/cellsforlife.com\/fr\/"},{"@type":"ListItem","position":2,"name":"Clients Actuels"}]}]}},"_links":{"self":[{"href":"https:\/\/cellsforlife.com\/fr\/wp-json\/wp\/v2\/pages\/13536"}],"collection":[{"href":"https:\/\/cellsforlife.com\/fr\/wp-json\/wp\/v2\/pages"}],"about":[{"href":"https:\/\/cellsforlife.com\/fr\/wp-json\/wp\/v2\/types\/page"}],"author":[{"embeddable":true,"href":"https:\/\/cellsforlife.com\/fr\/wp-json\/wp\/v2\/users\/22"}],"replies":[{"embeddable":true,"href":"https:\/\/cellsforlife.com\/fr\/wp-json\/wp\/v2\/comments?post=13536"}],"version-history":[{"count":0,"href":"https:\/\/cellsforlife.com\/fr\/wp-json\/wp\/v2\/pages\/13536\/revisions"}],"wp:attachment":[{"href":"https:\/\/cellsforlife.com\/fr\/wp-json\/wp\/v2\/media?parent=13536"}],"curies":[{"name":"wp","href":"https:\/\/api.w.org\/{rel}","templated":true}]}}